{"id":2196,"date":"2025-03-31T17:49:55","date_gmt":"2025-03-31T15:49:55","guid":{"rendered":"https:\/\/polyrene.fr\/definiciones\/"},"modified":"2025-03-31T17:49:55","modified_gmt":"2025-03-31T15:49:55","slug":"definiciones","status":"publish","type":"page","link":"https:\/\/polyrene.fr\/es\/definiciones\/","title":{"rendered":"Definiciones"},"content":{"rendered":"<h2><strong>Discapacidades m\u00faltiples.<\/strong>  definici\u00f3n(es)<\/h2>\n<ul>\n<li><b>Definici\u00f3n Decreto de 9 de mayo de 2017 sobre la polidiscapacidad <\/b>&#8220;Personas con una <b>disfunci\u00f3n cerebral precoz <\/b>o sobrevenida durante <b>el desarrollo, que<\/b> provoca graves <b>alteraciones con expresiones m\u00faltiples y evolutivas de la eficacia motriz, perceptiva, cognitiva<\/b> y de la construcci\u00f3n de las relaciones con el entorno f\u00edsico y humano, y una situaci\u00f3n de extrema vulnerabilidad f\u00edsica, ps\u00edquica y social durante la cual algunas personas pueden presentar, de forma transitoria o duradera, signos de la serie autista&#8221;.<\/li>\n<li><b>Definici\u00f3n Polidiscapacidad PNDS <\/b><i>&#8220;<\/i><i>minusval\u00edas graves y m\u00faltiples &#8211; ausencia de marcha aut\u00f3noma, ausencia de lenguaje oral significativo, deficiencia intelectual profunda <\/i>&#8211; Estas <b>deficiencias de un cerebro en desarrollo <\/b>tienen <b>consecuencias progresivas a lo largo de la vida<\/b>: trastornos neurol\u00f3gicos, ortop\u00e9dicos, digestivos, respiratorios, sensoriales y de otro tipo. Los problemas de comportamiento son frecuentes, al igual que los s\u00edntomas de dolor. Hay que tener en cuenta las capacidades perceptivas, sensitivas y emocionales de estas personas, sus habilidades y su apetencia por la comunicaci\u00f3n, para optimizar los cuidados y la calidad de vida.<\/li>\n<li><b>Definici\u00f3n Polidiscapacidad <\/b><b>HAS <\/b>Situaci\u00f3n de vulnerabilidad causada por una <b>lesi\u00f3n cerebral grave en un cerebro inmaduro\/en desarrollo, generalmente antes de los 2 a\u00f1os<\/b> &#8221; y<b> &#8220;car\u00e1cter irreversible<\/b> &#8221; de la polidiscapacidad. <b>Se refiere al PNDS<\/b>: <i>discapacidades graves y m\u00faltiples (ausencia de marcha aut\u00f3noma, ausencia de lenguaje oral significativo, deficiencia intelectual profunda).<\/i><\/li>\n<li>Base com\u00fan :\n<ul>\n<li style=\"list-style-type: none;\">\n<ul>\n<li><b>L<\/b><b>\u00e9sion <\/b><b>sobre un desarrollo <\/b><b>desarrollo<\/b><\/li>\n<li><b>Causas fijas o progresivas<\/b><\/li>\n<li><b>Deficiencia mental y f\u00edsica grave \/ dependencia total de otros<\/b><\/li>\n<\/ul>\n<\/li>\n<\/ul>\n<\/li>\n<\/ul>\n","protected":false},"excerpt":{"rendered":"<p>Discapacidades m\u00faltiples. definici\u00f3n(es) Definici\u00f3n Decreto de 9 de mayo de 2017 sobre la polidiscapacidad &#8220;Personas con una disfunci\u00f3n cerebral precoz [&hellip;]<\/p>\n","protected":false},"author":5,"featured_media":0,"parent":0,"menu_order":0,"comment_status":"closed","ping_status":"closed","template":"","meta":{"_acf_changed":false,"footnotes":""},"class_list":["post-2196","page","type-page","status-publish","hentry"],"acf":[],"yoast_head":"<!-- This site is optimized with the Yoast SEO plugin v27.4 - https:\/\/yoast.com\/product\/yoast-seo-wordpress\/ -->\n<title>Definiciones - Polyrene<\/title>\n<meta name=\"robots\" content=\"index, follow, max-snippet:-1, max-image-preview:large, max-video-preview:-1\" \/>\n<link rel=\"canonical\" href=\"https:\/\/polyrene.fr\/es\/definiciones\/\" \/>\n<meta property=\"og:locale\" content=\"es_ES\" \/>\n<meta property=\"og:type\" content=\"article\" \/>\n<meta property=\"og:title\" content=\"Definiciones - Polyrene\" \/>\n<meta property=\"og:description\" content=\"Discapacidades m\u00faltiples. definici\u00f3n(es) Definici\u00f3n Decreto de 9 de mayo de 2017 sobre la polidiscapacidad &#8220;Personas con una disfunci\u00f3n cerebral precoz [&hellip;]\" \/>\n<meta property=\"og:url\" content=\"https:\/\/polyrene.fr\/es\/definiciones\/\" \/>\n<meta property=\"og:site_name\" content=\"Polyrene\" \/>\n<meta property=\"og:image\" content=\"https:\/\/polyrene.fr\/wp-content\/uploads\/2023\/11\/logo-polyrene.jpg\" \/>\n\t<meta property=\"og:image:width\" content=\"833\" \/>\n\t<meta property=\"og:image:height\" content=\"369\" \/>\n\t<meta property=\"og:image:type\" content=\"image\/jpeg\" \/>\n<meta name=\"twitter:card\" content=\"summary_large_image\" \/>\n<script type=\"application\/ld+json\" class=\"yoast-schema-graph\">{\"@context\":\"https:\\\/\\\/schema.org\",\"@graph\":[{\"@type\":\"WebPage\",\"@id\":\"https:\\\/\\\/polyrene.fr\\\/es\\\/definiciones\\\/\",\"url\":\"https:\\\/\\\/polyrene.fr\\\/es\\\/definiciones\\\/\",\"name\":\"Definiciones - Polyrene\",\"isPartOf\":{\"@id\":\"https:\\\/\\\/polyrene.fr\\\/es\\\/#website\"},\"datePublished\":\"2025-03-31T15:49:55+00:00\",\"breadcrumb\":{\"@id\":\"https:\\\/\\\/polyrene.fr\\\/es\\\/definiciones\\\/#breadcrumb\"},\"inLanguage\":\"es\",\"potentialAction\":[{\"@type\":\"ReadAction\",\"target\":[\"https:\\\/\\\/polyrene.fr\\\/es\\\/definiciones\\\/\"]}]},{\"@type\":\"BreadcrumbList\",\"@id\":\"https:\\\/\\\/polyrene.fr\\\/es\\\/definiciones\\\/#breadcrumb\",\"itemListElement\":[{\"@type\":\"ListItem\",\"position\":1,\"name\":\"Accueil\",\"item\":\"https:\\\/\\\/polyrene.fr\\\/es\\\/\"},{\"@type\":\"ListItem\",\"position\":2,\"name\":\"Definiciones\"}]},{\"@type\":\"WebSite\",\"@id\":\"https:\\\/\\\/polyrene.fr\\\/es\\\/#website\",\"url\":\"https:\\\/\\\/polyrene.fr\\\/es\\\/\",\"name\":\"Polyrene - Le r\u00e9seau communautaire fran\u00e7ais de recherche autour du polyhandicap\",\"description\":\"\",\"publisher\":{\"@id\":\"https:\\\/\\\/polyrene.fr\\\/es\\\/#organization\"},\"potentialAction\":[{\"@type\":\"SearchAction\",\"target\":{\"@type\":\"EntryPoint\",\"urlTemplate\":\"https:\\\/\\\/polyrene.fr\\\/es\\\/?s={search_term_string}\"},\"query-input\":{\"@type\":\"PropertyValueSpecification\",\"valueRequired\":true,\"valueName\":\"search_term_string\"}}],\"inLanguage\":\"es\"},{\"@type\":\"Organization\",\"@id\":\"https:\\\/\\\/polyrene.fr\\\/es\\\/#organization\",\"name\":\"Polyrene - Le r\u00e9seau communautaire fran\u00e7ais de recherche autour du polyhandicap\",\"url\":\"https:\\\/\\\/polyrene.fr\\\/es\\\/\",\"logo\":{\"@type\":\"ImageObject\",\"inLanguage\":\"es\",\"@id\":\"https:\\\/\\\/polyrene.fr\\\/es\\\/#\\\/schema\\\/logo\\\/image\\\/\",\"url\":\"https:\\\/\\\/polyrene.fr\\\/wp-content\\\/uploads\\\/2023\\\/11\\\/logo-polyrene.jpg\",\"contentUrl\":\"https:\\\/\\\/polyrene.fr\\\/wp-content\\\/uploads\\\/2023\\\/11\\\/logo-polyrene.jpg\",\"width\":833,\"height\":369,\"caption\":\"Polyrene - Le r\u00e9seau communautaire fran\u00e7ais de recherche autour du polyhandicap\"},\"image\":{\"@id\":\"https:\\\/\\\/polyrene.fr\\\/es\\\/#\\\/schema\\\/logo\\\/image\\\/\"}}]}<\/script>\n<!-- \/ Yoast SEO plugin. -->","yoast_head_json":{"title":"Definiciones - Polyrene","robots":{"index":"index","follow":"follow","max-snippet":"max-snippet:-1","max-image-preview":"max-image-preview:large","max-video-preview":"max-video-preview:-1"},"canonical":"https:\/\/polyrene.fr\/es\/definiciones\/","og_locale":"es_ES","og_type":"article","og_title":"Definiciones - Polyrene","og_description":"Discapacidades m\u00faltiples. definici\u00f3n(es) Definici\u00f3n Decreto de 9 de mayo de 2017 sobre la polidiscapacidad &#8220;Personas con una disfunci\u00f3n cerebral precoz [&hellip;]","og_url":"https:\/\/polyrene.fr\/es\/definiciones\/","og_site_name":"Polyrene","og_image":[{"width":833,"height":369,"url":"https:\/\/polyrene.fr\/wp-content\/uploads\/2023\/11\/logo-polyrene.jpg","type":"image\/jpeg"}],"twitter_card":"summary_large_image","schema":{"@context":"https:\/\/schema.org","@graph":[{"@type":"WebPage","@id":"https:\/\/polyrene.fr\/es\/definiciones\/","url":"https:\/\/polyrene.fr\/es\/definiciones\/","name":"Definiciones - Polyrene","isPartOf":{"@id":"https:\/\/polyrene.fr\/es\/#website"},"datePublished":"2025-03-31T15:49:55+00:00","breadcrumb":{"@id":"https:\/\/polyrene.fr\/es\/definiciones\/#breadcrumb"},"inLanguage":"es","potentialAction":[{"@type":"ReadAction","target":["https:\/\/polyrene.fr\/es\/definiciones\/"]}]},{"@type":"BreadcrumbList","@id":"https:\/\/polyrene.fr\/es\/definiciones\/#breadcrumb","itemListElement":[{"@type":"ListItem","position":1,"name":"Accueil","item":"https:\/\/polyrene.fr\/es\/"},{"@type":"ListItem","position":2,"name":"Definiciones"}]},{"@type":"WebSite","@id":"https:\/\/polyrene.fr\/es\/#website","url":"https:\/\/polyrene.fr\/es\/","name":"Polyrene - Le r\u00e9seau communautaire fran\u00e7ais de recherche autour du polyhandicap","description":"","publisher":{"@id":"https:\/\/polyrene.fr\/es\/#organization"},"potentialAction":[{"@type":"SearchAction","target":{"@type":"EntryPoint","urlTemplate":"https:\/\/polyrene.fr\/es\/?s={search_term_string}"},"query-input":{"@type":"PropertyValueSpecification","valueRequired":true,"valueName":"search_term_string"}}],"inLanguage":"es"},{"@type":"Organization","@id":"https:\/\/polyrene.fr\/es\/#organization","name":"Polyrene - Le r\u00e9seau communautaire fran\u00e7ais de recherche autour du polyhandicap","url":"https:\/\/polyrene.fr\/es\/","logo":{"@type":"ImageObject","inLanguage":"es","@id":"https:\/\/polyrene.fr\/es\/#\/schema\/logo\/image\/","url":"https:\/\/polyrene.fr\/wp-content\/uploads\/2023\/11\/logo-polyrene.jpg","contentUrl":"https:\/\/polyrene.fr\/wp-content\/uploads\/2023\/11\/logo-polyrene.jpg","width":833,"height":369,"caption":"Polyrene - Le r\u00e9seau communautaire fran\u00e7ais de recherche autour du polyhandicap"},"image":{"@id":"https:\/\/polyrene.fr\/es\/#\/schema\/logo\/image\/"}}]}},"_links":{"self":[{"href":"https:\/\/polyrene.fr\/es\/wp-json\/wp\/v2\/pages\/2196","targetHints":{"allow":["GET"]}}],"collection":[{"href":"https:\/\/polyrene.fr\/es\/wp-json\/wp\/v2\/pages"}],"about":[{"href":"https:\/\/polyrene.fr\/es\/wp-json\/wp\/v2\/types\/page"}],"author":[{"embeddable":true,"href":"https:\/\/polyrene.fr\/es\/wp-json\/wp\/v2\/users\/5"}],"replies":[{"embeddable":true,"href":"https:\/\/polyrene.fr\/es\/wp-json\/wp\/v2\/comments?post=2196"}],"version-history":[{"count":0,"href":"https:\/\/polyrene.fr\/es\/wp-json\/wp\/v2\/pages\/2196\/revisions"}],"wp:attachment":[{"href":"https:\/\/polyrene.fr\/es\/wp-json\/wp\/v2\/media?parent=2196"}],"curies":[{"name":"wp","href":"https:\/\/api.w.org\/{rel}","templated":true}]}}